{"id":110,"date":"2025-03-23T19:15:00","date_gmt":"2025-03-23T18:15:00","guid":{"rendered":"http:\/\/miskiewicz.duckdns.org\/?page_id=110"},"modified":"2025-04-08T10:36:40","modified_gmt":"2025-04-08T08:36:40","slug":"o-nas","status":"publish","type":"page","link":"https:\/\/konstal99.com.pl\/?page_id=110","title":{"rendered":"O Nas"},"content":{"rendered":"\n<p>Nasza firma ma siedzib\u0119 90 km na po\u0142udnie od Wroc\u0142awia, na styku wojew\u00f3dztw opolskiego i dolno\u015bl\u0105skiego, przy trasie Gliwice-K\u0142odzko, pomi\u0119dzy Otmuchowem a Paczkowem.<br><br>Z naszych us\u0142ug i produkt\u00f3w korzystaj\u0105 renomowane przedsi\u0119biorstwa z Niemiec. Wsp\u00f3\u0142praca z nimi opiera si\u0119 na partnerskich relacjach, kt\u00f3re budujemy dzi\u0119ki wysokiej jako\u015bci wyrob\u00f3w, terminowym dostawom oraz atrakcyjnym cenom.<\/p>\n\n\n\n<p>Naszym g\u0142\u00f3wnym produktem jest w\u0142az, specjalnie skonstruowany dla stacji benzynowych i przemys\u0142u. Bezpieczny i \u0142atwy w obs\u0142udze.<\/p>\n\n\n\n<p>Zalety w skr\u00f3cie:<\/p>\n\n\n\n<p style=\"border-width:2px\">&#8211; Wysoka obci\u0105\u017calno\u015b\u0107 wg DIN EN 124.<br>&#8211; Korpus ogniowo ocynkowany i odporny na korozj\u0119.<br>&#8211; Bardzo \u0142atwe otwieranie i zamykanie, poniewa\u017c jest wspomagane specjalnym amortyzatorem.<br>&#8211; Wodoszczelny dzi\u0119ki podw\u00f3jnemu systemowi uszczelniania.<br>&#8211; Specjalne wyg\u0142uszenie i izolacja.<br>&#8211; Mo\u017cliwo\u015b\u0107 sprzeda\u017cy z uzbrojonym wie\u0144cem betonowym.<br>&#8211; Beton klasy B35.<\/p>\n\n\n\n<p class=\"has-medium-font-size\"><strong>Galeria naszych przyk\u0142adowych wyrob\u00f3w:<\/strong><\/p>\n\n\n\n<figure class=\"wp-block-gallery has-nested-images columns-default is-cropped is-style-default wp-block-gallery-1 is-layout-flex wp-block-gallery-is-layout-flex\">\n<figure class=\"wp-block-image size-large\"><img loading=\"lazy\" decoding=\"async\" width=\"2584\" height=\"1431\" data-id=\"169\" src=\"https:\/\/konstal99.com.pl\/wp-content\/uploads\/2025\/04\/Firma1.jpg\" alt=\"\" class=\"wp-image-169\"\/><figcaption class=\"wp-element-caption\">Front Firmy<\/figcaption><\/figure>\n\n\n\n<figure class=\"wp-block-image size-large\"><img loading=\"lazy\" decoding=\"async\" width=\"2933\" height=\"1752\" data-id=\"170\" src=\"https:\/\/konstal99.com.pl\/wp-content\/uploads\/2025\/04\/Firma2.jpg\" alt=\"\" class=\"wp-image-170\"\/><\/figure>\n\n\n\n<figure class=\"wp-block-image size-large\"><img loading=\"lazy\" decoding=\"async\" width=\"4000\" height=\"3000\" data-id=\"189\" src=\"https:\/\/konstal99.com.pl\/wp-content\/uploads\/2025\/04\/produkt20.jpg\" alt=\"\" class=\"wp-image-189\"\/><figcaption class=\"wp-element-caption\">o<\/figcaption><\/figure>\n\n\n\n<figure class=\"wp-block-image size-large\"><img loading=\"lazy\" decoding=\"async\" width=\"822\" height=\"571\" data-id=\"181\" src=\"https:\/\/konstal99.com.pl\/wp-content\/uploads\/2025\/04\/produkt12.jpg\" alt=\"\" class=\"wp-image-181\"\/><\/figure>\n\n\n\n<figure class=\"wp-block-image size-large\"><img loading=\"lazy\" decoding=\"async\" width=\"3464\" height=\"3000\" data-id=\"182\" src=\"https:\/\/konstal99.com.pl\/wp-content\/uploads\/2025\/04\/produkt13.jpg\" alt=\"\" class=\"wp-image-182\"\/><figcaption class=\"wp-element-caption\">o<\/figcaption><\/figure>\n\n\n\n<figure class=\"wp-block-image size-large\"><img loading=\"lazy\" decoding=\"async\" width=\"3326\" height=\"3000\" data-id=\"190\" src=\"https:\/\/konstal99.com.pl\/wp-content\/uploads\/2025\/04\/produkt21.jpg\" alt=\"\" class=\"wp-image-190\"\/><figcaption class=\"wp-element-caption\">o<\/figcaption><\/figure>\n\n\n\n<figure class=\"wp-block-image size-large\"><img loading=\"lazy\" decoding=\"async\" width=\"3429\" height=\"1558\" data-id=\"186\" src=\"https:\/\/konstal99.com.pl\/wp-content\/uploads\/2025\/04\/produkt17.jpg\" alt=\"\" class=\"wp-image-186\"\/><figcaption class=\"wp-element-caption\">o<\/figcaption><\/figure>\n\n\n\n<figure class=\"wp-block-image size-large\"><img loading=\"lazy\" decoding=\"async\" width=\"1310\" height=\"894\" data-id=\"179\" src=\"https:\/\/konstal99.com.pl\/wp-content\/uploads\/2025\/04\/produkt10.jpg\" alt=\"\" class=\"wp-image-179\"\/><\/figure>\n\n\n\n<figure class=\"wp-block-image size-large\"><img loading=\"lazy\" decoding=\"async\" width=\"3072\" height=\"1728\" data-id=\"174\" src=\"https:\/\/konstal99.com.pl\/wp-content\/uploads\/2025\/04\/produkt4.jpg\" alt=\"\" class=\"wp-image-174\"\/><\/figure>\n\n\n\n<figure class=\"wp-block-image size-large\"><img loading=\"lazy\" decoding=\"async\" width=\"3683\" height=\"2436\" data-id=\"187\" src=\"https:\/\/konstal99.com.pl\/wp-content\/uploads\/2025\/04\/produkt18.jpg\" alt=\"\" class=\"wp-image-187\"\/><figcaption class=\"wp-element-caption\">o<\/figcaption><\/figure>\n\n\n\n<figure class=\"wp-block-image size-large\"><img loading=\"lazy\" decoding=\"async\" width=\"2622\" height=\"3602\" data-id=\"188\" src=\"https:\/\/konstal99.com.pl\/wp-content\/uploads\/2025\/04\/produkt19.jpg\" alt=\"\" class=\"wp-image-188\"\/><figcaption class=\"wp-element-caption\">o<\/figcaption><\/figure>\n\n\n\n<figure class=\"wp-block-image size-large\"><img loading=\"lazy\" decoding=\"async\" width=\"3000\" height=\"2033\" data-id=\"175\" src=\"https:\/\/konstal99.com.pl\/wp-content\/uploads\/2025\/04\/produkt5.jpg\" alt=\"\" class=\"wp-image-175\"\/><figcaption class=\"wp-element-caption\">o<\/figcaption><\/figure>\n\n\n\n<figure class=\"wp-block-image size-large\"><img loading=\"lazy\" decoding=\"async\" width=\"3000\" height=\"2112\" data-id=\"176\" src=\"https:\/\/konstal99.com.pl\/wp-content\/uploads\/2025\/04\/produkt6.jpg\" alt=\"\" class=\"wp-image-176\"\/><figcaption class=\"wp-element-caption\">o<\/figcaption><\/figure>\n\n\n\n<figure class=\"wp-block-image size-large\"><img loading=\"lazy\" decoding=\"async\" width=\"2347\" height=\"3898\" data-id=\"183\" src=\"https:\/\/konstal99.com.pl\/wp-content\/uploads\/2025\/04\/produkt14.jpg\" alt=\"\" class=\"wp-image-183\"\/><figcaption class=\"wp-element-caption\">o<\/figcaption><\/figure>\n\n\n\n<figure class=\"wp-block-image size-large\"><img loading=\"lazy\" decoding=\"async\" width=\"3000\" height=\"2324\" data-id=\"184\" src=\"https:\/\/konstal99.com.pl\/wp-content\/uploads\/2025\/04\/produkt15.jpg\" alt=\"\" class=\"wp-image-184\"\/><figcaption class=\"wp-element-caption\">o<\/figcaption><\/figure>\n\n\n\n<figure class=\"wp-block-image size-large\"><img loading=\"lazy\" decoding=\"async\" width=\"3457\" height=\"1364\" data-id=\"177\" src=\"https:\/\/konstal99.com.pl\/wp-content\/uploads\/2025\/04\/produkt7.jpg\" alt=\"\" class=\"wp-image-177\"\/><figcaption class=\"wp-element-caption\">o<\/figcaption><\/figure>\n\n\n\n<figure class=\"wp-block-image size-large\"><img loading=\"lazy\" decoding=\"async\" width=\"2687\" height=\"1997\" data-id=\"178\" src=\"https:\/\/konstal99.com.pl\/wp-content\/uploads\/2025\/04\/produkt9.jpg\" alt=\"\" class=\"wp-image-178\"\/><\/figure>\n\n\n\n<figure class=\"wp-block-image size-large\"><img loading=\"lazy\" decoding=\"async\" width=\"2478\" height=\"2902\" data-id=\"185\" src=\"https:\/\/konstal99.com.pl\/wp-content\/uploads\/2025\/04\/produkt16.jpg\" alt=\"\" class=\"wp-image-185\"\/><figcaption class=\"wp-element-caption\">o<\/figcaption><\/figure>\n\n\n\n<figure class=\"wp-block-image size-large\"><img loading=\"lazy\" decoding=\"async\" width=\"2553\" height=\"1214\" data-id=\"180\" src=\"https:\/\/konstal99.com.pl\/wp-content\/uploads\/2025\/04\/produkt11.jpg\" alt=\"\" class=\"wp-image-180\"\/><\/figure>\n\n\n\n<figure class=\"wp-block-image size-large\"><img loading=\"lazy\" decoding=\"async\" width=\"1361\" height=\"1139\" data-id=\"173\" src=\"https:\/\/konstal99.com.pl\/wp-content\/uploads\/2025\/04\/PRODUKT3.jpg\" alt=\"\" class=\"wp-image-173\"\/><\/figure>\n\n\n\n<figure class=\"wp-block-image size-large\"><img loading=\"lazy\" decoding=\"async\" width=\"814\" height=\"983\" data-id=\"172\" src=\"https:\/\/konstal99.com.pl\/wp-content\/uploads\/2025\/04\/PRODUKT2.jpg\" alt=\"\" class=\"wp-image-172\"\/><\/figure>\n\n\n\n<figure class=\"wp-block-image size-large\"><img loading=\"lazy\" decoding=\"async\" width=\"723\" height=\"602\" data-id=\"171\" src=\"https:\/\/konstal99.com.pl\/wp-content\/uploads\/2025\/04\/PRODUKT1.jpg\" alt=\"\" class=\"wp-image-171\"\/><\/figure>\n<\/figure>\n","protected":false},"excerpt":{"rendered":"<p>Nasza firma ma siedzib\u0119 90 km na po\u0142udnie od Wroc\u0142awia, na styku wojew\u00f3dztw opolskiego i dolno\u015bl\u0105skiego, przy trasie Gliwice-K\u0142odzko, pomi\u0119dzy Otmuchowem a [&hellip;]<\/p>\n","protected":false},"author":1,"featured_media":0,"parent":0,"menu_order":0,"comment_status":"closed","ping_status":"closed","template":"","meta":{"footnotes":""},"class_list":["post-110","page","type-page","status-publish","hentry"],"_links":{"self":[{"href":"https:\/\/konstal99.com.pl\/index.php?rest_route=\/wp\/v2\/pages\/110","targetHints":{"allow":["GET"]}}],"collection":[{"href":"https:\/\/konstal99.com.pl\/index.php?rest_route=\/wp\/v2\/pages"}],"about":[{"href":"https:\/\/konstal99.com.pl\/index.php?rest_route=\/wp\/v2\/types\/page"}],"author":[{"embeddable":true,"href":"https:\/\/konstal99.com.pl\/index.php?rest_route=\/wp\/v2\/users\/1"}],"replies":[{"embeddable":true,"href":"https:\/\/konstal99.com.pl\/index.php?rest_route=%2Fwp%2Fv2%2Fcomments&post=110"}],"version-history":[{"count":6,"href":"https:\/\/konstal99.com.pl\/index.php?rest_route=\/wp\/v2\/pages\/110\/revisions"}],"predecessor-version":[{"id":236,"href":"https:\/\/konstal99.com.pl\/index.php?rest_route=\/wp\/v2\/pages\/110\/revisions\/236"}],"wp:attachment":[{"href":"https:\/\/konstal99.com.pl\/index.php?rest_route=%2Fwp%2Fv2%2Fmedia&parent=110"}],"curies":[{"name":"wp","href":"https:\/\/api.w.org\/{rel}","templated":true}]}}