{"id":8,"date":"2025-03-23T18:52:45","date_gmt":"2025-03-23T17:52:45","guid":{"rendered":"http:\/\/miskiewicz.duckdns.org\/index.php\/front_page\/"},"modified":"2025-04-08T07:11:43","modified_gmt":"2025-04-08T05:11:43","slug":"front_page","status":"publish","type":"page","link":"https:\/\/konstal99.com.pl\/","title":{"rendered":"Strona g\u0142\u00f3wna"},"content":{"rendered":"\n<p style=\"border-width:3px\"><strong>Witamy na naszej stronie internetowej<\/strong><\/p>\n\n\n\n<p>Jeste\u015bmy \u015bredniej wielkosci firm\u0105 w bran\u017cy produkcji wyrob\u00f3w stalowych i zatrudniamy 14 os\u00f3b w produkcji.<\/p>\n\n\n\n<p>Pracownicy to \u015blusarze, pomocnicy \u015blusarzy oraz spawacze z uprawnieniami. Nasze do\u015bwiadczenie zdobywalismy przez dlugoletni\u0105 wsp\u00f3\u0142prac\u0119 z klientami z r\u00f3\u017cnych bran\u017c i jeste\u015bmy ju\u017c na rynku 26 lat.<\/p>\n\n\n\n<p>Produkowali\u015bmy mi\u0119dzy innymi: <\/p>\n\n\n\n<ul class=\"wp-block-list\">\n<li>zsypy stalowe<\/li>\n\n\n\n<li>podesty ze schodami i por\u0119czami<\/li>\n\n\n\n<li>zadaszenia taras\u00f3w<\/li>\n\n\n\n<li>urzadzenia przeno\u015bnik\u00f3w \u0142a\u0144cuchowych<\/li>\n\n\n\n<li>spawane korpusy maszyn<\/li>\n\n\n\n<li>w\u0142azy stalowe<\/li>\n\n\n\n<li>pergole<\/li>\n<\/ul>\n\n\n\n<p>Wi\u0119kszo\u015b\u0107 wyrob\u00f3w jest cynkowana ogniowo a niekt\u00f3re dodatkowo malowane proszkowo.<\/p>\n\n\n\n<p><span style=\"text-decoration: underline;\">Jeste\u015bmy znani z dobrego wykonawstwa i terminowo\u015bci.<\/span><\/p>\n\n\n\n<p style=\"border-width:3px\"><strong>Skontaktuj si\u0119 z nami!<\/strong><br>Masz pytania lub chcesz om\u00f3wi\u0107 sw\u00f3j projekt? Zadzwo\u0144 pod numer [numer telefonu] lub napisz na [e-mail]. Jeste\u015bmy tu, by pom\u00f3c! Dodatkowo zach\u0119camy do skorzystania z zak\u0142adki Kontakt.<\/p>\n\n\n\n<p><\/p>\n","protected":false},"excerpt":{"rendered":"<p>Witamy na naszej stronie internetowej Jeste\u015bmy \u015bredniej wielkosci firm\u0105 w bran\u017cy produkcji wyrob\u00f3w stalowych i zatrudniamy 14 os\u00f3b w produkcji. Pracownicy to [&hellip;]<\/p>\n","protected":false},"author":1,"featured_media":0,"parent":0,"menu_order":0,"comment_status":"closed","ping_status":"closed","template":"","meta":{"footnotes":""},"class_list":["post-8","page","type-page","status-publish","hentry"],"_links":{"self":[{"href":"https:\/\/konstal99.com.pl\/index.php?rest_route=\/wp\/v2\/pages\/8","targetHints":{"allow":["GET"]}}],"collection":[{"href":"https:\/\/konstal99.com.pl\/index.php?rest_route=\/wp\/v2\/pages"}],"about":[{"href":"https:\/\/konstal99.com.pl\/index.php?rest_route=\/wp\/v2\/types\/page"}],"author":[{"embeddable":true,"href":"https:\/\/konstal99.com.pl\/index.php?rest_route=\/wp\/v2\/users\/1"}],"replies":[{"embeddable":true,"href":"https:\/\/konstal99.com.pl\/index.php?rest_route=%2Fwp%2Fv2%2Fcomments&post=8"}],"version-history":[{"count":4,"href":"https:\/\/konstal99.com.pl\/index.php?rest_route=\/wp\/v2\/pages\/8\/revisions"}],"predecessor-version":[{"id":166,"href":"https:\/\/konstal99.com.pl\/index.php?rest_route=\/wp\/v2\/pages\/8\/revisions\/166"}],"wp:attachment":[{"href":"https:\/\/konstal99.com.pl\/index.php?rest_route=%2Fwp%2Fv2%2Fmedia&parent=8"}],"curies":[{"name":"wp","href":"https:\/\/api.w.org\/{rel}","templated":true}]}}